{"id":1801,"date":"2021-10-30T14:19:11","date_gmt":"2021-10-30T17:19:11","guid":{"rendered":"http:\/\/nivaldocleto.cnt.br\/blog\/?page_id=1801"},"modified":"2026-04-17T15:11:55","modified_gmt":"2026-04-17T18:11:55","slug":"nivaldo-cleto","status":"publish","type":"page","link":"https:\/\/nivaldocleto.cnt.br\/blog\/nivaldo-cleto\/","title":{"rendered":"Nivaldo Cleto"},"content":{"rendered":"<div id=\"fb-root\"><\/div>\n<ul>\n<li><span data-olk-copy-source=\"MailCompose\">S\u00f3cio da <strong>Nivaldo Cleto Contadores Associados SS Ltda<\/strong>, com sede na Rua Julio Gonzalez 132 conj 241 Barra Funda &#8211; Tel 0xx11 25076249<\/span><\/li>\n<li><span data-olk-copy-source=\"MailCompose\">Vogal da Junta Comercial do Estado de S\u00e3o Paulo 2022\/2026<\/span><\/li>\n<li><span data-olk-copy-source=\"MailCompose\">Expert em Intelig\u00eancia Artificial na gest\u00e3o dos neg\u00f3cios<\/span><\/li>\n<li><span data-olk-copy-source=\"MailCompose\">Membro Eleito do <a href=\"https:\/\/cgi.br\/\">Comit\u00ea Gestor da Internet do Brasil- CGI.br<\/a> (2014\/2026) &#8211; Setor Empresarial Usu\u00e1rios de Internet<\/span><\/li>\n<li><span data-olk-copy-source=\"MailCompose\">Membro da <a href=\"https:\/\/www.icannbc.org\/\">ICANN BUSINESS CONSTITUENCY<\/a><\/span><\/li>\n<li><span data-olk-copy-source=\"MailCompose\">Perito Judicial pelas Varas do Trabalho, Federal e C\u00edvel- Estado de S\u00e3o Paulo<\/span><\/li>\n<\/ul>\n<h3><span class=\"Titulo\">Forma\u00e7\u00e3o acad\u00eamica:<\/span><\/h3>\n<ul>\n<li>Bacharel em Ci\u00eancias Cont\u00e1beis pela FECAP &#8211; Funda\u00e7\u00e3o Escola de Com\u00e9rcio \u00c1lvares Penteado &#8211; 1993;<\/li>\n<li>Engenheiro Eletrot\u00e9cnico pela FESP &#8211; Faculdade de Engenharia S\u00e3o Paulo &#8211; 1983;<\/li>\n<li>Engenheiro Operacional Eletrot\u00e9cnico pela Universidade Mackenzie 1981.<\/li>\n<li>MBA em Tecnologia da Informa\u00e7\u00e3o Aplicada a Neg\u00f3cios &#8211; Bussiness Inteligence &#8211; Faculdades SENAC de Tecnologia.<\/li>\n<li>Curso de Extens\u00e3o Universit\u00e1ria &#8211; Intelig\u00eancia Artificial Aplicada ao Ecossistema Cont\u00e1bil &#8211; Faculdade Focus &#8211; 2025<\/li>\n<\/ul>\n<h3><\/h3>\n<p style=\"text-align: center;\"><img loading=\"lazy\" decoding=\"async\" class=\"size-full wp-image-1802 aligncenter\" src=\"http:\/\/nivaldocleto.cnt.br\/blog\/wp-content\/uploads\/2021\/10\/box_portfolio2.png\" alt=\"Portfolio\" width=\"190\" height=\"280\" \/><a href=\"https:\/\/www.nivaldocleto.cnt.br\/PortFolio_Nivaldo_2025.pdf\">Clique aqui e acesse<\/a> o Portf\u00f3lio de Nivaldo Cleto (pdf)<\/p>\n<p>&nbsp;<\/p>\n<h3>Nivaldo Cleto foi:<\/h3>\n<ul>\n<li>Vogal da Junta Comercial do Estado de S\u00e3o Paulo (Jucesp), pelos Governos M\u00e1rio Covas e Geraldo Alckmin<\/li>\n<li><span data-olk-copy-source=\"MailCompose\">Presidente da Junta Comercial do Estado de S\u00e3o Paulo (Jucesp) no Governo Geraldo Alckmin &#8211; gest\u00e3o 2001\/2002<\/span><\/li>\n<li>Vice-Presidente da Regi\u00e3o Sudeste da FENACON (Federa\u00e7\u00e3o Nacional das Empresas de Servi\u00e7os<br \/>\nCont\u00e1beis, Assessoramento, Per\u00edcias, Informa\u00e7\u00f5es e Pesquisas) &#8211; Gest\u00e3o 2004 (janeiro a junho) e no<br \/>\nm\u00eas de junho de 2007<\/li>\n<li>Diretor de Tecnologia e Neg\u00f3cios da FENACON &#8211; Gest\u00e3o 2001\/2003 e 2003\/2007<\/li>\n<li>Colunista da se\u00e7\u00e3o Internet e Tecnologia da Informa\u00e7\u00e3o para Revista da FENACON, com tiragem<br \/>\nmensal de 50.000 exemplares (60 edi\u00e7\u00f5es)<\/li>\n<li>Diretor do AESCON-SP\/SESCON-SP (Sindicato das Empresas de Servi\u00e7os Cont\u00e1beis, Assessoramento<br \/>\ne Per\u00edcias, Informa\u00e7\u00f5es e Pesquisas do Estado de SP) &#8211; gest\u00e3o 1995\/1997<\/li>\n<li><span data-olk-copy-source=\"MailCompose\">Presidente e fundador da AARB\u00a0 &#8211; Associa\u00e7\u00e3o das Autoridades de Registro do Brasil (AARB) &#8211; gest\u00e3o 2014\/2018<\/span><\/li>\n<li><span data-olk-copy-source=\"MailCompose\">Coordenador do Projeto da Nova Identidade do Profissional da Contabilidade pelo Conselho Federal de Contabilidade (CFC)<\/span><\/li>\n<li><span data-olk-copy-source=\"MailCompose\">Membro Eleito do Comit\u00ea Gestor da Internet do Brasil 2007\/2010 (9CGI-br) Setor Empresarial Usu\u00e1rios de Internet<br \/>\nConselheiro do ICP BRASIL &#8211; gest\u00e3o 2016\/2019<\/span><\/li>\n<li><span data-olk-copy-source=\"MailCompose\">Coordenador do Grupo Nacional da Massifica\u00e7\u00e3o da Certifica\u00e7\u00e3o Digital &#8211; pelo CFC, juntamente com<br \/>\nSEBRAE, FENACON, ITI, Receita Federal do Brasil, Camara E.net, AC CERTISIGN, SERASA, SERPRO,<br \/>\nCAIXA, SESCAP-CE e outras entidades<\/span><\/li>\n<li><span data-olk-copy-source=\"MailCompose\">S\u00f3cio da Cl\u00e1ssico Consultoria, Auditoria e Tecnologia Cont\u00e1bil S\/C Ltda., com escrit\u00f3rio na Rua<br \/>\nCaiowa\u00e1, 225 Perdizes de 1978 at\u00e9 2011<br \/>\n<\/span><\/li>\n<\/ul>\n","protected":false},"excerpt":{"rendered":"<p>S\u00f3cio da Nivaldo Cleto Contadores Associados SS Ltda, com sede na Rua Julio Gonzalez 132 conj 241 Barra Funda &#8211; Tel 0xx11 25076249 Vogal da Junta Comercial do Estado de S\u00e3o Paulo 2022\/2026 Expert em Intelig\u00eancia Artificial na gest\u00e3o dos neg\u00f3cios Membro Eleito do Comit\u00ea Gestor da Internet do Brasil- CGI.br (2014\/2026) &#8211; Setor Empresarial Usu\u00e1rios de Internet Membro da ICANN BUSINESS CONSTITUENCY Perito Judicial pelas Varas do Trabalho, Federal e C\u00edvel- Estado de S\u00e3o Paulo Forma\u00e7\u00e3o acad\u00eamica: Bacharel em Ci\u00eancias Cont\u00e1beis pela FECAP &#8211; Funda\u00e7\u00e3o Escola de Com\u00e9rcio \u00c1lvares Penteado &#8211; 1993; Engenheiro Eletrot\u00e9cnico pela FESP &#8211; Faculdade de Engenharia S\u00e3o Paulo &#8211; 1983; Engenheiro Operacional Eletrot\u00e9cnico pela Universidade Mackenzie 1981. MBA em Tecnologia da Informa\u00e7\u00e3o Aplicada a Neg\u00f3cios &#8211; Bussiness Inteligence &#8211; Faculdades SENAC de Tecnologia. Curso de Extens\u00e3o Universit\u00e1ria &#8211; Intelig\u00eancia Artificial Aplicada ao Ecossistema Cont\u00e1bil &#8211; Faculdade Focus &#8211; 2025 Clique aqui e acesse o Portf\u00f3lio de Nivaldo Cleto (pdf) &nbsp; Nivaldo Cleto foi: Vogal da Junta Comercial do Estado de S\u00e3o Paulo (Jucesp), pelos Governos M\u00e1rio Covas e Geraldo Alckmin Presidente da Junta Comercial do Estado de S\u00e3o Paulo (Jucesp) no Governo Geraldo Alckmin &#8211; gest\u00e3o 2001\/2002 Vice-Presidente da Regi\u00e3o Sudeste da FENACON (Federa\u00e7\u00e3o [&hellip;]<\/p>\n","protected":false},"author":1,"featured_media":0,"parent":0,"menu_order":0,"comment_status":"closed","ping_status":"closed","template":"","meta":{"footnotes":""},"class_list":["post-1801","page","type-page","status-publish","hentry"],"_links":{"self":[{"href":"https:\/\/nivaldocleto.cnt.br\/blog\/wp-json\/wp\/v2\/pages\/1801","targetHints":{"allow":["GET"]}}],"collection":[{"href":"https:\/\/nivaldocleto.cnt.br\/blog\/wp-json\/wp\/v2\/pages"}],"about":[{"href":"https:\/\/nivaldocleto.cnt.br\/blog\/wp-json\/wp\/v2\/types\/page"}],"author":[{"embeddable":true,"href":"https:\/\/nivaldocleto.cnt.br\/blog\/wp-json\/wp\/v2\/users\/1"}],"replies":[{"embeddable":true,"href":"https:\/\/nivaldocleto.cnt.br\/blog\/wp-json\/wp\/v2\/comments?post=1801"}],"version-history":[{"count":8,"href":"https:\/\/nivaldocleto.cnt.br\/blog\/wp-json\/wp\/v2\/pages\/1801\/revisions"}],"predecessor-version":[{"id":3676,"href":"https:\/\/nivaldocleto.cnt.br\/blog\/wp-json\/wp\/v2\/pages\/1801\/revisions\/3676"}],"wp:attachment":[{"href":"https:\/\/nivaldocleto.cnt.br\/blog\/wp-json\/wp\/v2\/media?parent=1801"}],"curies":[{"name":"wp","href":"https:\/\/api.w.org\/{rel}","templated":true}]}}