{"id":1759,"date":"2021-10-29T16:25:36","date_gmt":"2021-10-29T19:25:36","guid":{"rendered":"http:\/\/nivaldocleto.cnt.br\/blog\/?page_id=1759"},"modified":"2021-10-31T11:30:46","modified_gmt":"2021-10-31T14:30:46","slug":"servicos","status":"publish","type":"page","link":"https:\/\/nivaldocleto.cnt.br\/blog\/servicos\/","title":{"rendered":"Servi\u00e7os"},"content":{"rendered":"<div id=\"fb-root\"><\/div>\n<div class=\"pt-cv-wrapper\"><div class=\"pt-cv-view pt-cv-grid pt-cv-colsys\" id=\"pt-cv-view-5dc3ff3ysj\"><div data-id=\"pt-cv-page-1\" class=\"pt-cv-page\" data-cvc=\"1\"><div class=\"col-md-12 col-sm-12 col-xs-12 pt-cv-content-item pt-cv-2-col\"  data-pid=\"1807\"><div class='pt-cv-ifield'><a href=\"https:\/\/nivaldocleto.cnt.br\/blog\/manual-de-autenticacao-dos-livros-digitais-sped-contabil\/\" class=\"_blank pt-cv-href-thumbnail pt-cv-thumb-left cvplbd cvp-responsive-image img-none\" target=\"_blank\" data-iw=\"150\" data-ih=\"150\"><img decoding=\"async\" width=\"150\" src=\"http:\/\/nivaldocleto.cnt.br\/blog\/wp-content\/uploads\/2021\/10\/Manual_SPED.jpg\" class=\"pt-cv-thumbnail img-none pull-left cvp-substitute\" alt=\"Manual SEPD\" title=\"\" \/><\/a>\n<div class=\"pt-cv-colwrap\"><h4 class=\"pt-cv-title\"><a href=\"https:\/\/nivaldocleto.cnt.br\/blog\/manual-de-autenticacao-dos-livros-digitais-sped-contabil\/\" class=\"_blank cvplbd\" target=\"_blank\" data-iw=\"150\" data-ih=\"150\">Manual de Autentica\u00e7\u00e3o dos Livros Digitais SPED CONT\u00c1BIL<\/a><\/h4><\/div><\/div><\/div>\n<div class=\"col-md-12 col-sm-12 col-xs-12 pt-cv-content-item pt-cv-2-col\"  data-pid=\"1812\"><div class='pt-cv-ifield'><a href=\"https:\/\/nivaldocleto.cnt.br\/blog\/ecd-escrituracao-digital\/\" class=\"_blank pt-cv-href-thumbnail pt-cv-thumb-left cvplbd cvp-responsive-image img-none\" target=\"_blank\" data-iw=\"150\" data-ih=\"150\"><img decoding=\"async\" width=\"150\" src=\"http:\/\/nivaldocleto.cnt.br\/blog\/wp-content\/uploads\/2009\/04\/Escrituracao_Contabil.jpg\" class=\"pt-cv-thumbnail img-none pull-left cvp-substitute\" alt=\"Escritura\u00e7\u00e3o Cont\u00e1bil\" title=\"\" \/><\/a>\n<div class=\"pt-cv-colwrap\"><h4 class=\"pt-cv-title\"><a href=\"https:\/\/nivaldocleto.cnt.br\/blog\/ecd-escrituracao-digital\/\" class=\"_blank cvplbd\" target=\"_blank\" data-iw=\"150\" data-ih=\"150\">ECD &#8211; Escritura\u00e7\u00e3o Digital<\/a><\/h4><\/div><\/div><\/div><\/div><\/div><\/div>\t\t\t<style type=\"text\/css\" id=\"pt-cv-inline-style-78bc28cx60\">#pt-cv-view-5dc3ff3ysj .pt-cv-ifield { padding-top: 10px !important; padding-left: 10px !important; padding-right: 10px !important; }\n#pt-cv-view-5dc3ff3ysj  .pt-cv-ifield   { background-color: #f7f7f7 !important; }\n#pt-cv-view-5dc3ff3ysj .pt-cv-title a, #pt-cv-view-5dc3ff3ysj  .panel-title { color: #a40831 !important; font-weight: 600 !important; }\n#pt-cv-view-5dc3ff3ysj  .pt-cv-title a:hover, #pt-cv-view-5dc3ff3ysj  .panel-title:hover   { color: #0a0a0a !important; }\n#pt-cv-view-5dc3ff3ysj .pt-cv-readmore  { color: #ffffff !important; background-color: #00aeef !important; }\n#pt-cv-view-5dc3ff3ysj .pt-cv-readmore:hover  { color: #ffffff !important; background-color: #00aeef !important; }\n#pt-cv-view-5dc3ff3ysj  + .pt-cv-pagination-wrapper .pt-cv-more , #pt-cv-view-5dc3ff3ysj  + .pt-cv-pagination-wrapper .pagination .active a { color: #ffffff !important; background-color: #00aeef !important; }\n#pt-cv-view-5dc3ff3ysj .cvp-responsive-image[style*=\"background-image\"] { width: 150px; height: 150px; }<\/style>\r\n\t\t\t\n","protected":false},"excerpt":{"rendered":"","protected":false},"author":1,"featured_media":0,"parent":0,"menu_order":0,"comment_status":"closed","ping_status":"closed","template":"","meta":{"footnotes":""},"class_list":["post-1759","page","type-page","status-publish","hentry"],"_links":{"self":[{"href":"https:\/\/nivaldocleto.cnt.br\/blog\/wp-json\/wp\/v2\/pages\/1759","targetHints":{"allow":["GET"]}}],"collection":[{"href":"https:\/\/nivaldocleto.cnt.br\/blog\/wp-json\/wp\/v2\/pages"}],"about":[{"href":"https:\/\/nivaldocleto.cnt.br\/blog\/wp-json\/wp\/v2\/types\/page"}],"author":[{"embeddable":true,"href":"https:\/\/nivaldocleto.cnt.br\/blog\/wp-json\/wp\/v2\/users\/1"}],"replies":[{"embeddable":true,"href":"https:\/\/nivaldocleto.cnt.br\/blog\/wp-json\/wp\/v2\/comments?post=1759"}],"version-history":[{"count":3,"href":"https:\/\/nivaldocleto.cnt.br\/blog\/wp-json\/wp\/v2\/pages\/1759\/revisions"}],"predecessor-version":[{"id":1816,"href":"https:\/\/nivaldocleto.cnt.br\/blog\/wp-json\/wp\/v2\/pages\/1759\/revisions\/1816"}],"wp:attachment":[{"href":"https:\/\/nivaldocleto.cnt.br\/blog\/wp-json\/wp\/v2\/media?parent=1759"}],"curies":[{"name":"wp","href":"https:\/\/api.w.org\/{rel}","templated":true}]}}