{"id":1755,"date":"2021-10-29T16:25:06","date_gmt":"2021-10-29T19:25:06","guid":{"rendered":"http:\/\/nivaldocleto.cnt.br\/blog\/?page_id=1755"},"modified":"2021-11-02T12:43:30","modified_gmt":"2021-11-02T15:43:30","slug":"noticias","status":"publish","type":"page","link":"https:\/\/nivaldocleto.cnt.br\/blog\/noticias\/","title":{"rendered":"Not\u00edcias"},"content":{"rendered":"<div id=\"fb-root\"><\/div>\n<div class=\"pt-cv-wrapper\"><div class=\"pt-cv-view pt-cv-grid pt-cv-colsys\" id=\"pt-cv-view-f2653ddgco\"><div data-id=\"pt-cv-page-1\" class=\"pt-cv-page\" data-cvc=\"1\"><div class=\"col-md-12 col-sm-12 col-xs-12 pt-cv-content-item pt-cv-2-col\"  data-pid=\"3594\"><div class='pt-cv-ifield'><a href=\"https:\/\/nivaldocleto.cnt.br\/blog\/wsis20-na-onu-por-que-essa-reuniao-importa-para-a-internet\/\" class=\"_blank pt-cv-href-thumbnail pt-cv-thumb-left cvplbd\" target=\"_blank\" ><img loading=\"lazy\" decoding=\"async\" width=\"150\" height=\"150\" src=\"https:\/\/nivaldocleto.cnt.br\/blog\/wp-content\/uploads\/2025\/12\/WhatsApp-Image-2025-12-16-at-16.48.06-1-150x150.jpeg\" class=\"pt-cv-thumbnail img-none pull-left\" alt=\"WSIS+20 na ONU: por que essa reuni\u00e3o importa para a Internet\" \/><\/a>\n<div class=\"pt-cv-colwrap\"><h4 class=\"pt-cv-title\"><a href=\"https:\/\/nivaldocleto.cnt.br\/blog\/wsis20-na-onu-por-que-essa-reuniao-importa-para-a-internet\/\" class=\"_blank cvplbd\" target=\"_blank\" >WSIS+20 na ONU: por que essa reuni\u00e3o importa para a Internet<\/a><\/h4><div class=\"pt-cv-content\"><em>Por Nivaldo Cleto<\/em> Estamos na ONU participando do WSIS+20, que \u00e9 a revis\u00e3o de 20 anos da C\u00fapula Mundial sobre ...<br \/><a href=\"https:\/\/nivaldocleto.cnt.br\/blog\/wsis20-na-onu-por-que-essa-reuniao-importa-para-a-internet\/\" class=\"_blank pt-cv-readmore btn btn-success cvplbd\" target=\"_blank\">Leia Mais<\/a><\/div><\/div><\/div><\/div>\n<div class=\"col-md-12 col-sm-12 col-xs-12 pt-cv-content-item pt-cv-2-col\"  data-pid=\"3587\"><div class='pt-cv-ifield'><a href=\"https:\/\/nivaldocleto.cnt.br\/blog\/nova-lei-amplia-isencao-do-ir-cria-descontos-para-rendas-ate-r-73-mil-e-aumenta-tributacao-para-altos-salarios\/\" class=\"_blank pt-cv-href-thumbnail pt-cv-thumb-left cvplbd\" target=\"_blank\" ><img loading=\"lazy\" decoding=\"async\" width=\"150\" height=\"150\" src=\"https:\/\/nivaldocleto.cnt.br\/blog\/wp-content\/uploads\/2025\/11\/6226-150x150.jpg\" class=\"pt-cv-thumbnail img-none pull-left\" alt=\"Nova lei amplia isen\u00e7\u00e3o do IR, cria descontos para rendas at\u00e9 R$ 7,3 mil e aumenta tributa\u00e7\u00e3o para altos sal\u00e1rios\" \/><\/a>\n<div class=\"pt-cv-colwrap\"><h4 class=\"pt-cv-title\"><a href=\"https:\/\/nivaldocleto.cnt.br\/blog\/nova-lei-amplia-isencao-do-ir-cria-descontos-para-rendas-ate-r-73-mil-e-aumenta-tributacao-para-altos-salarios\/\" class=\"_blank cvplbd\" target=\"_blank\" >Nova lei amplia isen\u00e7\u00e3o do IR, cria descontos para rendas at\u00e9 R$ 7,3 mil e aumenta tributa\u00e7\u00e3o para altos sal\u00e1rios<\/a><\/h4><div class=\"pt-cv-content\">O presidente Luiz In\u00e1cio Lula da Silva sancionou nesta quarta-feira (26) a lei que eleva para R$ 5 mil o ...<br \/><a href=\"https:\/\/nivaldocleto.cnt.br\/blog\/nova-lei-amplia-isencao-do-ir-cria-descontos-para-rendas-ate-r-73-mil-e-aumenta-tributacao-para-altos-salarios\/\" class=\"_blank pt-cv-readmore btn btn-success cvplbd\" target=\"_blank\">Leia Mais<\/a><\/div><\/div><\/div><\/div>\n<div class=\"col-md-12 col-sm-12 col-xs-12 pt-cv-content-item pt-cv-2-col\"  data-pid=\"3214\"><div class='pt-cv-ifield'><a href=\"https:\/\/nivaldocleto.cnt.br\/blog\/doacao-do-exterior-paga-itcmd-entenda-por-que-estados-nao-podem-cobrar-esse-imposto\/\" class=\"_blank pt-cv-href-thumbnail pt-cv-thumb-left cvplbd\" target=\"_blank\" ><img loading=\"lazy\" decoding=\"async\" width=\"150\" height=\"150\" src=\"https:\/\/nivaldocleto.cnt.br\/blog\/wp-content\/uploads\/2025\/09\/2151998151-150x150.jpg\" class=\"pt-cv-thumbnail img-none pull-left\" alt=\"Doa\u00e7\u00e3o do exterior paga ITCMD? Entenda por que estados n\u00e3o podem cobrar esse imposto\" \/><\/a>\n<div class=\"pt-cv-colwrap\"><h4 class=\"pt-cv-title\"><a href=\"https:\/\/nivaldocleto.cnt.br\/blog\/doacao-do-exterior-paga-itcmd-entenda-por-que-estados-nao-podem-cobrar-esse-imposto\/\" class=\"_blank cvplbd\" target=\"_blank\" >Doa\u00e7\u00e3o do exterior paga ITCMD? Entenda por que estados n\u00e3o podem cobrar esse imposto<\/a><\/h4><div class=\"pt-cv-content\">Decis\u00e3o do STF impede a cobran\u00e7a de imposto estadual sobre doa\u00e7\u00f5es e heran\u00e7as recebidas do exterior. Brasileiros que j\u00e1 pagaram ...<br \/><a href=\"https:\/\/nivaldocleto.cnt.br\/blog\/doacao-do-exterior-paga-itcmd-entenda-por-que-estados-nao-podem-cobrar-esse-imposto\/\" class=\"_blank pt-cv-readmore btn btn-success cvplbd\" target=\"_blank\">Leia Mais<\/a><\/div><\/div><\/div><\/div>\n<div class=\"col-md-12 col-sm-12 col-xs-12 pt-cv-content-item pt-cv-2-col\"  data-pid=\"3145\"><div class='pt-cv-ifield'><a href=\"https:\/\/nivaldocleto.cnt.br\/blog\/o-papel-estrategico-do-icp-brasil-na-transformacao-digital-brasileira\/\" class=\"_blank pt-cv-href-thumbnail pt-cv-thumb-left cvplbd\" target=\"_blank\" ><img loading=\"lazy\" decoding=\"async\" width=\"150\" height=\"150\" src=\"https:\/\/nivaldocleto.cnt.br\/blog\/wp-content\/uploads\/2025\/09\/2151841685-150x150.jpg\" class=\"pt-cv-thumbnail img-none pull-left\" alt=\"O papel estrat\u00e9gico do ICP-Brasil na transforma\u00e7\u00e3o digital brasileira\" \/><\/a>\n<div class=\"pt-cv-colwrap\"><h4 class=\"pt-cv-title\"><a href=\"https:\/\/nivaldocleto.cnt.br\/blog\/o-papel-estrategico-do-icp-brasil-na-transformacao-digital-brasileira\/\" class=\"_blank cvplbd\" target=\"_blank\" >O papel estrat\u00e9gico do ICP-Brasil na transforma\u00e7\u00e3o digital brasileira<\/a><\/h4><div class=\"pt-cv-content\"><em>Por Nivaldo Cleto (*)<\/em> Com mais de 24 anos de hist\u00f3ria e reconhecimento legal, o ICP-Brasil se consolidou como a ...<br \/><a href=\"https:\/\/nivaldocleto.cnt.br\/blog\/o-papel-estrategico-do-icp-brasil-na-transformacao-digital-brasileira\/\" class=\"_blank pt-cv-readmore btn btn-success cvplbd\" target=\"_blank\">Leia Mais<\/a><\/div><\/div><\/div><\/div>\n<div class=\"col-md-12 col-sm-12 col-xs-12 pt-cv-content-item pt-cv-2-col\"  data-pid=\"3136\"><div class='pt-cv-ifield'><a href=\"https:\/\/nivaldocleto.cnt.br\/blog\/anpd-e-nic-br-celebram-acordo-cooperacao-visando-acoes-em-protecao-de-dados\/\" class=\"_blank pt-cv-href-thumbnail pt-cv-thumb-left cvplbd\" target=\"_blank\" ><img loading=\"lazy\" decoding=\"async\" width=\"150\" height=\"150\" src=\"https:\/\/nivaldocleto.cnt.br\/blog\/wp-content\/uploads\/2025\/08\/13198499-731e-4358-b240-c5dba5408a37-150x150.jpeg\" class=\"pt-cv-thumbnail img-none pull-left\" alt=\"ANPD e Nic.br celebram acordo coopera\u00e7\u00e3o visando a\u00e7\u00f5es em prote\u00e7\u00e3o de dados\" \/><\/a>\n<div class=\"pt-cv-colwrap\"><h4 class=\"pt-cv-title\"><a href=\"https:\/\/nivaldocleto.cnt.br\/blog\/anpd-e-nic-br-celebram-acordo-cooperacao-visando-acoes-em-protecao-de-dados\/\" class=\"_blank cvplbd\" target=\"_blank\" >ANPD e Nic.br celebram acordo coopera\u00e7\u00e3o visando a\u00e7\u00f5es em prote\u00e7\u00e3o de dados<\/a><\/h4><div class=\"pt-cv-content\">O Diretor-Presidente da Autoridade Nacional de Prote\u00e7\u00e3o de Dados (ANPD), Waldemar Gon\u00e7alves (foto), e o representante do N\u00facleo de Informa\u00e7\u00e3o ...<br \/><a href=\"https:\/\/nivaldocleto.cnt.br\/blog\/anpd-e-nic-br-celebram-acordo-cooperacao-visando-acoes-em-protecao-de-dados\/\" class=\"_blank pt-cv-readmore btn btn-success cvplbd\" target=\"_blank\">Leia Mais<\/a><\/div><\/div><\/div><\/div>\n<div class=\"col-md-12 col-sm-12 col-xs-12 pt-cv-content-item pt-cv-2-col\"  data-pid=\"3089\"><div class='pt-cv-ifield'><a href=\"https:\/\/nivaldocleto.cnt.br\/blog\/fim-da-norma-4-entenda-o-que-muda-na-sua-internet-a-partir-de-2027\/\" class=\"_blank pt-cv-href-thumbnail pt-cv-thumb-left cvplbd\" target=\"_blank\" ><img loading=\"lazy\" decoding=\"async\" width=\"150\" height=\"150\" src=\"https:\/\/nivaldocleto.cnt.br\/blog\/wp-content\/uploads\/2025\/05\/WhatsApp-Image-2025-05-07-at-11.05.13-Copia-150x150.jpeg\" class=\"pt-cv-thumbnail img-none pull-left\" alt=\"Fim da Norma 4 \u2013 Entenda o que muda na sua internet a partir de 2027\" \/><\/a>\n<div class=\"pt-cv-colwrap\"><h4 class=\"pt-cv-title\"><a href=\"https:\/\/nivaldocleto.cnt.br\/blog\/fim-da-norma-4-entenda-o-que-muda-na-sua-internet-a-partir-de-2027\/\" class=\"_blank cvplbd\" target=\"_blank\" >Fim da Norma 4 \u2013 Entenda o que muda na sua internet a partir de 2027<\/a><\/h4><div class=\"pt-cv-content\">Por Nivaldo Cleto* A Anatel decidiu acabar com a Norma 4 em 2027. Mas o que isso tem a ver ...<br \/><a href=\"https:\/\/nivaldocleto.cnt.br\/blog\/fim-da-norma-4-entenda-o-que-muda-na-sua-internet-a-partir-de-2027\/\" class=\"_blank pt-cv-readmore btn btn-success cvplbd\" target=\"_blank\">Leia Mais<\/a><\/div><\/div><\/div><\/div>\n<div class=\"col-md-12 col-sm-12 col-xs-12 pt-cv-content-item pt-cv-2-col\"  data-pid=\"3084\"><div class='pt-cv-ifield'><a href=\"https:\/\/nivaldocleto.cnt.br\/blog\/empresario-do-setor-de-servicos-e-tecnologia-manifesta-apoio-a-nota-publica-do-cgi-br-e-critica-revogacao-da-norma-004-1995-pela-anatel\/\" class=\"_blank pt-cv-href-thumbnail pt-cv-thumb-left cvplbd\" target=\"_blank\" ><img loading=\"lazy\" decoding=\"async\" width=\"150\" height=\"150\" src=\"https:\/\/nivaldocleto.cnt.br\/blog\/wp-content\/uploads\/2025\/04\/54476317632_3a1d0b55d2_k-150x150.jpg\" class=\"pt-cv-thumbnail img-none pull-left\" alt=\"Empres\u00e1rio do setor de servi\u00e7os e tecnologia manifesta apoio \u00e0 nota p\u00fablica do CGI.br e critica revoga\u00e7\u00e3o da Norma 004\/1995 pela Anatel\" \/><\/a>\n<div class=\"pt-cv-colwrap\"><h4 class=\"pt-cv-title\"><a href=\"https:\/\/nivaldocleto.cnt.br\/blog\/empresario-do-setor-de-servicos-e-tecnologia-manifesta-apoio-a-nota-publica-do-cgi-br-e-critica-revogacao-da-norma-004-1995-pela-anatel\/\" class=\"_blank cvplbd\" target=\"_blank\" >Empres\u00e1rio do setor de servi\u00e7os e tecnologia manifesta apoio \u00e0 nota p\u00fablica do CGI.br e critica revoga\u00e7\u00e3o da Norma 004\/1995 pela Anatel<\/a><\/h4><div class=\"pt-cv-content\">O empres\u00e1rio e especialista em governan\u00e7a da internet, Nivaldo Cleto, participou, na \u00faltima sexta-feira, 25 de abril, de reuni\u00e3o do ...<br \/><a href=\"https:\/\/nivaldocleto.cnt.br\/blog\/empresario-do-setor-de-servicos-e-tecnologia-manifesta-apoio-a-nota-publica-do-cgi-br-e-critica-revogacao-da-norma-004-1995-pela-anatel\/\" class=\"_blank pt-cv-readmore btn btn-success cvplbd\" target=\"_blank\">Leia Mais<\/a><\/div><\/div><\/div><\/div>\n<div class=\"col-md-12 col-sm-12 col-xs-12 pt-cv-content-item pt-cv-2-col\"  data-pid=\"2930\"><div class='pt-cv-ifield'><a href=\"https:\/\/nivaldocleto.cnt.br\/blog\/cnpj-tera-letras-e-numeros-a-partir-de-julho-de-2026\/\" class=\"_blank pt-cv-href-thumbnail pt-cv-thumb-left cvplbd\" target=\"_blank\" ><img loading=\"lazy\" decoding=\"async\" width=\"150\" height=\"150\" src=\"https:\/\/nivaldocleto.cnt.br\/blog\/wp-content\/uploads\/2024\/10\/463719130_18157659082321329_6064697518777855100_n-150x150.jpg\" class=\"pt-cv-thumbnail img-none pull-left\" alt=\"CNPJ ter\u00e1 letras e n\u00fameros a partir de julho de 2026\" srcset=\"https:\/\/nivaldocleto.cnt.br\/blog\/wp-content\/uploads\/2024\/10\/463719130_18157659082321329_6064697518777855100_n-150x150.jpg 150w, https:\/\/nivaldocleto.cnt.br\/blog\/wp-content\/uploads\/2024\/10\/463719130_18157659082321329_6064697518777855100_n-300x300.jpg 300w, https:\/\/nivaldocleto.cnt.br\/blog\/wp-content\/uploads\/2024\/10\/463719130_18157659082321329_6064697518777855100_n-768x768.jpg 768w, https:\/\/nivaldocleto.cnt.br\/blog\/wp-content\/uploads\/2024\/10\/463719130_18157659082321329_6064697518777855100_n.jpg 960w\" sizes=\"auto, (max-width: 150px) 100vw, 150px\" \/><\/a>\n<div class=\"pt-cv-colwrap\"><h4 class=\"pt-cv-title\"><a href=\"https:\/\/nivaldocleto.cnt.br\/blog\/cnpj-tera-letras-e-numeros-a-partir-de-julho-de-2026\/\" class=\"_blank cvplbd\" target=\"_blank\" >CNPJ ter\u00e1 letras e n\u00fameros a partir de julho de 2026<\/a><\/h4><div class=\"pt-cv-content\">A Receita Federal publicou a <a class=\"external-link\" title=\"\" href=\"http:\/\/normas.receita.fazenda.gov.br\/sijut2consulta\/link.action?idAto=141102\" target=\"_self\" data-tippreview-enabled=\"false\" data-tippreview-image=\"\" data-tippreview-title=\"\" rel=\"noopener noreferrer\">Instru\u00e7\u00e3o Normativa RFB n\u00ba 2.229<\/a>, de 15 de outubro de 2024, que altera o formato ...<br \/><a href=\"https:\/\/nivaldocleto.cnt.br\/blog\/cnpj-tera-letras-e-numeros-a-partir-de-julho-de-2026\/\" class=\"_blank pt-cv-readmore btn btn-success cvplbd\" target=\"_blank\">Leia Mais<\/a><\/div><\/div><\/div><\/div><\/div><\/div>\n<div class=\"text-left pt-cv-pagination-wrapper\"><ul class=\"pt-cv-pagination pt-cv-normal pagination\" data-totalpages=\"38\" data-currentpage=\"1\" data-sid=\"f2653ddgco\" data-unid=\"\"><li class=\"active\"><a href=\"#\">1<\/a><\/li>\n\t<li ><a class=\"\" href=\"https:\/\/nivaldocleto.cnt.br\/blog\/wp-json\/wp\/v2\/pages\/1755\/?_page=2\">2<\/a><\/li>\n\t<li ><a class=\"\" href=\"https:\/\/nivaldocleto.cnt.br\/blog\/wp-json\/wp\/v2\/pages\/1755\/?_page=3\">3<\/a><\/li>\n\t<li ><a href=\"#\">&hellip;<\/a><\/li>\n\t<li ><a class=\"\" href=\"https:\/\/nivaldocleto.cnt.br\/blog\/wp-json\/wp\/v2\/pages\/1755\/?_page=38\">38<\/a><\/li>\n\t<li ><a class=\" \" href=\"https:\/\/nivaldocleto.cnt.br\/blog\/wp-json\/wp\/v2\/pages\/1755\/?_page=2\">&rsaquo;<\/a><\/li>\n\t<\/ul><img loading=\"lazy\" decoding=\"async\" width=\"15\" height=\"15\" class=\"pt-cv-spinner\" alt=\"Carregando...;\" src=\"data:image\/gif;base64,R0lGODlhDwAPALMPAMrKygwMDJOTkz09PZWVla+vr3p6euTk5M7OzuXl5TMzMwAAAJmZmWZmZszMzP\/\/\/yH\/C05FVFNDQVBFMi4wAwEAAAAh+QQFCgAPACwAAAAADwAPAAAEQvDJaZaZOIcV8iQK8VRX4iTYoAwZ4iCYoAjZ4RxejhVNoT+mRGP4cyF4Pp0N98sBGIBMEMOotl6YZ3S61Bmbkm4mAgAh+QQFCgAPACwAAAAADQANAAAENPDJSRSZeA418itN8QiK8BiLITVsFiyBBIoYqnoewAD4xPw9iY4XLGYSjkQR4UAUD45DLwIAIfkEBQoADwAsAAAAAA8ACQAABC\/wyVlamTi3nSdgwFNdhEJgTJoNyoB9ISYoQmdjiZPcj7EYCAeCF1gEDo4Dz2eIAAAh+QQFCgAPACwCAAAADQANAAAEM\/DJBxiYeLKdX3IJZT1FU0iIg2RNKx3OkZVnZ98ToRD4MyiDnkAh6BkNC0MvsAj0kMpHBAAh+QQFCgAPACwGAAAACQAPAAAEMDC59KpFDll73HkAA2wVY5KgiK5b0RRoI6MuzG6EQqCDMlSGheEhUAgqgUUAFRySIgAh+QQFCgAPACwCAAIADQANAAAEM\/DJKZNLND\/kkKaHc3xk+QAMYDKsiaqmZCxGVjSFFCxB1vwy2oOgIDxuucxAMTAJFAJNBAAh+QQFCgAPACwAAAYADwAJAAAEMNAs86q1yaWwwv2Ig0jUZx3OYa4XoRAfwADXoAwfo1+CIjyFRuEho60aSNYlOPxEAAAh+QQFCgAPACwAAAIADQANAAAENPA9s4y8+IUVcqaWJ4qEQozSoAzoIyhCK2NFU2SJk0hNnyEOhKR2AzAAj4Pj4GE4W0bkJQIAOw==\" \/><div class=\"clear pt-cv-clear-pagination\"><\/div><\/div><\/div>\t\t\t<style type=\"text\/css\" id=\"pt-cv-inline-style-71b7264w9y\">#pt-cv-view-f2653ddgco .pt-cv-ifield { padding-top: 10px !important; padding-left: 10px !important; padding-bottom: 10px !important; padding-right: 10px !important; }\n#pt-cv-view-f2653ddgco  .pt-cv-ifield   { background-color: #f7f7f7 !important; }\n#pt-cv-view-f2653ddgco .pt-cv-title a, #pt-cv-view-f2653ddgco  .panel-title { color: #a40831 !important; font-weight: 600 !important; }\n#pt-cv-view-f2653ddgco  .pt-cv-title a:hover, #pt-cv-view-f2653ddgco  .panel-title:hover   { color: #0a0a0a !important; }\n#pt-cv-view-f2653ddgco .pt-cv-readmore  { color: #ffffff !important; background-color: #747c87 !important; }\n#pt-cv-view-f2653ddgco .pt-cv-readmore:hover  { color: #ffffff !important; background-color: #a40731 !important; }\n#pt-cv-view-f2653ddgco  + .pt-cv-pagination-wrapper .pt-cv-more , #pt-cv-view-f2653ddgco  + .pt-cv-pagination-wrapper .pagination .active a { color: #ffffff !important; background-color: #a40731 !important; }<\/style>\r\n\t\t\t\n","protected":false},"excerpt":{"rendered":"","protected":false},"author":1,"featured_media":0,"parent":0,"menu_order":0,"comment_status":"closed","ping_status":"closed","template":"","meta":{"footnotes":""},"class_list":["post-1755","page","type-page","status-publish","hentry"],"_links":{"self":[{"href":"https:\/\/nivaldocleto.cnt.br\/blog\/wp-json\/wp\/v2\/pages\/1755","targetHints":{"allow":["GET"]}}],"collection":[{"href":"https:\/\/nivaldocleto.cnt.br\/blog\/wp-json\/wp\/v2\/pages"}],"about":[{"href":"https:\/\/nivaldocleto.cnt.br\/blog\/wp-json\/wp\/v2\/types\/page"}],"author":[{"embeddable":true,"href":"https:\/\/nivaldocleto.cnt.br\/blog\/wp-json\/wp\/v2\/users\/1"}],"replies":[{"embeddable":true,"href":"https:\/\/nivaldocleto.cnt.br\/blog\/wp-json\/wp\/v2\/comments?post=1755"}],"version-history":[{"count":2,"href":"https:\/\/nivaldocleto.cnt.br\/blog\/wp-json\/wp\/v2\/pages\/1755\/revisions"}],"predecessor-version":[{"id":1848,"href":"https:\/\/nivaldocleto.cnt.br\/blog\/wp-json\/wp\/v2\/pages\/1755\/revisions\/1848"}],"wp:attachment":[{"href":"https:\/\/nivaldocleto.cnt.br\/blog\/wp-json\/wp\/v2\/media?parent=1755"}],"curies":[{"name":"wp","href":"https:\/\/api.w.org\/{rel}","templated":true}]}}