{"id":1753,"date":"2021-10-29T16:24:48","date_gmt":"2021-10-29T19:24:48","guid":{"rendered":"http:\/\/nivaldocleto.cnt.br\/blog\/?page_id=1753"},"modified":"2021-10-30T14:01:06","modified_gmt":"2021-10-30T17:01:06","slug":"palestras","status":"publish","type":"page","link":"https:\/\/nivaldocleto.cnt.br\/blog\/palestras\/","title":{"rendered":"Palestras"},"content":{"rendered":"<div id=\"fb-root\"><\/div>\n<div class=\"pt-cv-wrapper\"><div class=\"pt-cv-view pt-cv-grid pt-cv-colsys pt-cv-pgregular\" id=\"pt-cv-view-eb0c062shm\"><div data-id=\"pt-cv-page-1\" class=\"pt-cv-page\" data-cvc=\"1\"><div class=\"col-md-12 col-sm-12 col-xs-12 pt-cv-content-item pt-cv-1-col\"  data-pid=\"2934\"><div class='pt-cv-ifield'><h4 class=\"pt-cv-title\"><a href=\"https:\/\/nivaldocleto.cnt.br\/blog\/ia-na-contabilidade-por-onde-comecar\/\" class=\"_self cvplbd\" target=\"_self\" >IA na Contabilidade: Por Onde Come\u00e7ar<\/a><\/h4><\/div><\/div>\n<div class=\"col-md-12 col-sm-12 col-xs-12 pt-cv-content-item pt-cv-1-col\"  data-pid=\"2912\"><div class='pt-cv-ifield'><h4 class=\"pt-cv-title\"><a href=\"https:\/\/nivaldocleto.cnt.br\/blog\/como-se-proteger-de-ataques-ciberneticos-e-seguranca-da-rede-para-o-comercio-e-tema-do-8o-congresso-de-relacoes-sindicais-e-do-trabalho\/\" class=\"_self cvplbd\" target=\"_self\" >Como se proteger de ataques cibern\u00e9ticos e seguran\u00e7a da rede para o com\u00e9rcio \u00e9 tema do 8\u00ba Congresso de Rela\u00e7\u00f5es Sindicais e do Trabalho<\/a><\/h4><\/div><\/div>\n<div class=\"col-md-12 col-sm-12 col-xs-12 pt-cv-content-item pt-cv-1-col\"  data-pid=\"2532\"><div class='pt-cv-ifield'><h4 class=\"pt-cv-title\"><a href=\"https:\/\/nivaldocleto.cnt.br\/blog\/coescap-2024-destaque-para-a-excelencia-empresarial-e-contabil-em-aracaju\/\" class=\"_self cvplbd\" target=\"_self\" >COESCAP 2024: destaque para a excel\u00eancia empresarial e cont\u00e1bil em Aracaju<\/a><\/h4><\/div><\/div>\n<div class=\"col-md-12 col-sm-12 col-xs-12 pt-cv-content-item pt-cv-1-col\"  data-pid=\"2024\"><div class='pt-cv-ifield'><h4 class=\"pt-cv-title\"><a href=\"https:\/\/nivaldocleto.cnt.br\/blog\/forum-societario-e-palco-de-temas-em-torno-do-registro-empresarial\/\" class=\"_self cvplbd\" target=\"_self\" >F\u00f3rum Societ\u00e1rio \u00e9 palco de temas em torno do registro empresarial<\/a><\/h4><\/div><\/div>\n<div class=\"col-md-12 col-sm-12 col-xs-12 pt-cv-content-item pt-cv-1-col\"  data-pid=\"1900\"><div class='pt-cv-ifield'><h4 class=\"pt-cv-title\"><a href=\"https:\/\/nivaldocleto.cnt.br\/blog\/iii-congresso-nacional-de-juntas-comerciais-conaj-rs-e-i-congresso-internacional-de-registro-empresarial-i-cirem\/\" class=\"_self cvplbd\" target=\"_self\" >III Congresso Nacional de Juntas Comerciais &#8211; CONAJ\/RS e I Congresso Internacional de Registro Empresarial \u2013 I CIREM<\/a><\/h4><\/div><\/div>\n<div class=\"col-md-12 col-sm-12 col-xs-12 pt-cv-content-item pt-cv-1-col\"  data-pid=\"1789\"><div class='pt-cv-ifield'><h4 class=\"pt-cv-title\"><a href=\"https:\/\/nivaldocleto.cnt.br\/blog\/sistema-publico-de-escrituracao-digital-sped-e-as-entidades-imunes-e-isentas\/\" class=\"_self cvplbd\" target=\"_self\" >Sistema p\u00fablico de Escritura\u00e7\u00e3o Digital (SPED) e as entidades imunes e isentas<\/a><\/h4><\/div><\/div>\n<div class=\"col-md-12 col-sm-12 col-xs-12 pt-cv-content-item pt-cv-1-col\"  data-pid=\"3481\"><div class='pt-cv-ifield'><h4 class=\"pt-cv-title\"><a href=\"https:\/\/nivaldocleto.cnt.br\/blog\/mercado-eletronico-e-contabilidade\/\" class=\"_self cvplbd\" target=\"_self\" >Mercado Eletr\u00f4nico e Contabilidade<\/a><\/h4><\/div><\/div>\n<div class=\"col-md-12 col-sm-12 col-xs-12 pt-cv-content-item pt-cv-1-col\"  data-pid=\"3485\"><div class='pt-cv-ifield'><h4 class=\"pt-cv-title\"><a href=\"https:\/\/nivaldocleto.cnt.br\/blog\/holding-familiar-protecao-e-sucessao-patrimonial\/\" class=\"_self cvplbd\" target=\"_self\" >Holding Familiar &#8211; Prote\u00e7\u00e3o e sucess\u00e3o patrimonial<\/a><\/h4><\/div><\/div><\/div><\/div>\n<div class=\"text-left pt-cv-pagination-wrapper\"><ul class=\"pt-cv-pagination pt-cv-ajax pagination\" data-totalpages=\"3\" data-currentpage=\"1\" data-sid=\"eb0c062shm\" data-unid=\"\"><li class=\"active\"><a href=\"#\">1<\/a><\/li>\n\t<li ><a class=\"\" href=\"https:\/\/nivaldocleto.cnt.br\/blog\/wp-json\/wp\/v2\/pages\/1753\/?_page=2\">2<\/a><\/li>\n\t<li ><a class=\"\" href=\"https:\/\/nivaldocleto.cnt.br\/blog\/wp-json\/wp\/v2\/pages\/1753\/?_page=3\">3<\/a><\/li>\n\t<li ><a class=\" \" href=\"https:\/\/nivaldocleto.cnt.br\/blog\/wp-json\/wp\/v2\/pages\/1753\/?_page=2\">&rsaquo;<\/a><\/li>\n\t<\/ul><img loading=\"lazy\" decoding=\"async\" width=\"15\" height=\"15\" class=\"pt-cv-spinner\" alt=\"Carregando...;\" src=\"data:image\/gif;base64,R0lGODlhDwAPALMPAMrKygwMDJOTkz09PZWVla+vr3p6euTk5M7OzuXl5TMzMwAAAJmZmWZmZszMzP\/\/\/yH\/C05FVFNDQVBFMi4wAwEAAAAh+QQFCgAPACwAAAAADwAPAAAEQvDJaZaZOIcV8iQK8VRX4iTYoAwZ4iCYoAjZ4RxejhVNoT+mRGP4cyF4Pp0N98sBGIBMEMOotl6YZ3S61Bmbkm4mAgAh+QQFCgAPACwAAAAADQANAAAENPDJSRSZeA418itN8QiK8BiLITVsFiyBBIoYqnoewAD4xPw9iY4XLGYSjkQR4UAUD45DLwIAIfkEBQoADwAsAAAAAA8ACQAABC\/wyVlamTi3nSdgwFNdhEJgTJoNyoB9ISYoQmdjiZPcj7EYCAeCF1gEDo4Dz2eIAAAh+QQFCgAPACwCAAAADQANAAAEM\/DJBxiYeLKdX3IJZT1FU0iIg2RNKx3OkZVnZ98ToRD4MyiDnkAh6BkNC0MvsAj0kMpHBAAh+QQFCgAPACwGAAAACQAPAAAEMDC59KpFDll73HkAA2wVY5KgiK5b0RRoI6MuzG6EQqCDMlSGheEhUAgqgUUAFRySIgAh+QQFCgAPACwCAAIADQANAAAEM\/DJKZNLND\/kkKaHc3xk+QAMYDKsiaqmZCxGVjSFFCxB1vwy2oOgIDxuucxAMTAJFAJNBAAh+QQFCgAPACwAAAYADwAJAAAEMNAs86q1yaWwwv2Ig0jUZx3OYa4XoRAfwADXoAwfo1+CIjyFRuEho60aSNYlOPxEAAAh+QQFCgAPACwAAAIADQANAAAENPA9s4y8+IUVcqaWJ4qEQozSoAzoIyhCK2NFU2SJk0hNnyEOhKR2AzAAj4Pj4GE4W0bkJQIAOw==\" \/><div class=\"clear pt-cv-clear-pagination\"><\/div><\/div><\/div>\t\t\t<style type=\"text\/css\" id=\"pt-cv-inline-style-c27a62fmih\">#pt-cv-view-eb0c062shm .pt-cv-ifield { padding-top: 10px !important; padding-left: 10px !important; padding-right: 5px !important; }\n#pt-cv-view-eb0c062shm  .pt-cv-ifield   { background-color: #f7f7f7 !important; }\n#pt-cv-view-eb0c062shm .pt-cv-title a, #pt-cv-view-eb0c062shm  .panel-title { color: #a40831 !important; font-weight: 600 !important; }\n#pt-cv-view-eb0c062shm  .pt-cv-title a:hover, #pt-cv-view-eb0c062shm  .panel-title:hover   { color: #0c0c0c !important; }\n#pt-cv-view-eb0c062shm .pt-cv-carousel-caption  { background-color: rgba(51,51,51,.6) !important; }\n#pt-cv-view-eb0c062shm .pt-cv-specialp { background-color: #CC3333 !important }\n#pt-cv-view-eb0c062shm .pt-cv-specialp * { color: #fff !important; }\n#pt-cv-view-eb0c062shm .pt-cv-pficon  { color: #bbb !important; }\n#pt-cv-view-eb0c062shm .pt-cv-readmore  { color: #ffffff !important; background-color: #00aeef !important; }\n#pt-cv-view-eb0c062shm .pt-cv-readmore:hover  { color: #ffffff !important; background-color: #00aeef !important; }\n#pt-cv-view-eb0c062shm  + .pt-cv-pagination-wrapper .pt-cv-more , #pt-cv-view-eb0c062shm  + .pt-cv-pagination-wrapper .pagination .active a { color: #ffffff !important; background-color: #00aeef !important; }<\/style>\r\n\t\t\t\n","protected":false},"excerpt":{"rendered":"","protected":false},"author":1,"featured_media":0,"parent":0,"menu_order":0,"comment_status":"closed","ping_status":"closed","template":"","meta":{"footnotes":""},"class_list":["post-1753","page","type-page","status-publish","hentry"],"_links":{"self":[{"href":"https:\/\/nivaldocleto.cnt.br\/blog\/wp-json\/wp\/v2\/pages\/1753","targetHints":{"allow":["GET"]}}],"collection":[{"href":"https:\/\/nivaldocleto.cnt.br\/blog\/wp-json\/wp\/v2\/pages"}],"about":[{"href":"https:\/\/nivaldocleto.cnt.br\/blog\/wp-json\/wp\/v2\/types\/page"}],"author":[{"embeddable":true,"href":"https:\/\/nivaldocleto.cnt.br\/blog\/wp-json\/wp\/v2\/users\/1"}],"replies":[{"embeddable":true,"href":"https:\/\/nivaldocleto.cnt.br\/blog\/wp-json\/wp\/v2\/comments?post=1753"}],"version-history":[{"count":3,"href":"https:\/\/nivaldocleto.cnt.br\/blog\/wp-json\/wp\/v2\/pages\/1753\/revisions"}],"predecessor-version":[{"id":1805,"href":"https:\/\/nivaldocleto.cnt.br\/blog\/wp-json\/wp\/v2\/pages\/1753\/revisions\/1805"}],"wp:attachment":[{"href":"https:\/\/nivaldocleto.cnt.br\/blog\/wp-json\/wp\/v2\/media?parent=1753"}],"curies":[{"name":"wp","href":"https:\/\/api.w.org\/{rel}","templated":true}]}}